{"id":3219,"date":"2022-11-06T04:17:16","date_gmt":"2022-11-06T04:17:16","guid":{"rendered":"https:\/\/containerscg.com\/home\/?page_id=3219"},"modified":"2022-11-06T04:39:33","modified_gmt":"2022-11-06T04:39:33","slug":"casas-familiares","status":"publish","type":"page","link":"https:\/\/containerscg.com\/home\/casas-familiares\/","title":{"rendered":"Casas Familiares"},"content":{"rendered":"<p>[vc_row full_width=&#8221;stretch_row&#8221; full_height=&#8221;yes&#8221; columns_placement=&#8221;top&#8221; css=&#8221;.vc_custom_1667707968039{background-image: url(http:\/\/containerscg.com\/home\/wp-content\/uploads\/2022\/11\/Attractive-Prefab-Home-Toby-Long_3.jpg?id=3226) !important;background-position: center !important;background-repeat: no-repeat !important;background-size: cover !important;}&#8221; el_class=&#8221;vc-col-no-pt&#8221;][vc_column][g5element_space spacing=&#8221;245&#8243; spacing_md=&#8221;120&#8243;][g5element_heading layout_style=&#8221;style-02&#8243; title=&#8221;CASAS FAMILIARES&#8221; switch_line_field=&#8221;on&#8221; title_typography=&#8221;%7B%22font_family%22%3A%22%22%2C%22font_weight%22%3A%22%22%2C%22font_style%22%3A%22%22%2C%22font_size_lg%22%3A%2270%22%2C%22font_size_md%22%3A%22%22%2C%22font_size_sm%22%3A%22%22%2C%22font_size_xs%22%3A%2260%22%2C%22align%22%3A%22%22%2C%22text_transform%22%3A%22%22%2C%22line_height%22%3A%221%22%2C%22letter_spacing%22%3A%22%22%2C%22color%22%3A%22%23ffffff%22%2C%22hover_color%22%3A%22%22%7D&#8221; subtitle_typography=&#8221;%7B%22font_family%22%3A%22%22%2C%22font_weight%22%3A%22%22%2C%22font_style%22%3A%22%22%2C%22font_size_lg%22%3A%2220%22%2C%22font_size_md%22%3A%22%22%2C%22font_size_sm%22%3A%22%22%2C%22font_size_xs%22%3A%22%22%2C%22align%22%3A%22%22%2C%22text_transform%22%3A%22capitalize%22%2C%22line_height%22%3A%22%22%2C%22letter_spacing%22%3A%220%22%2C%22color%22%3A%22%23ffffff%22%2C%22hover_color%22%3A%22%22%7D&#8221;][\/vc_column][\/vc_row][vc_row][vc_column offset=&#8221;vc_col-lg-offset-1 vc_col-lg-10 vc_col-md-12&#8243; el_class=&#8221;lg-col-pd-left-right-15&#8243; css=&#8221;.vc_custom_1620197640542{padding-right: 85px !important;padding-left: 85px !important;}&#8221;][g5element_space spacing=&#8221;38&#8243; spacing_md=&#8221;18&#8243;][vc_column_text css=&#8221;.vc_custom_1667708885246{margin-bottom: 0px !important;}&#8221;]<\/p>\n<h2><strong><span style=\"color: #333333;\">Contenedores Modulares Acondicionados Tipo Casa Familiar<\/span><\/strong><\/h2>\n<p><span style=\"color: #333333;\">Preservaci\u00f3n del calor, aislamiento t\u00e9rmico, protecci\u00f3n contra el fr\u00edo, protecci\u00f3n anti-s\u00edsmica, materiales a prueba de humedad, protecci\u00f3n anti-robo son solo algunas de las muchas caracter\u00edsticas de construir su hogar con contenedores modulares. Uste podr\u00e1 construir su casa con dormitorios, cuarto de estar, comedor, cocina, cuarto de aseo y garaje como casa completa independiente.<\/span><\/p>\n<p><span style=\"color: #333333;\">Dise\u00f1amos y fabricamos cualquier tipo de m\u00f3dulo seg\u00fan los requerimientos del cliente mediante el acondicionamiento de ba\u00f1os, puertas, ventanas, divisiones, equipamiento, aire acondicionado, mobiliario, energ\u00eda solar, etc.<\/span>[\/vc_column_text][\/vc_column][\/vc_row][vc_row][vc_column][g5element_space spacing=&#8221;38&#8243; spacing_md=&#8221;18&#8243;][g5element_gallery layout=&#8221;masonry&#8221; images=&#8221;3234,3233,3232,3231,3230,3229,3228,3227,3226,3225,3224,3223&#8243;][g5element_space spacing=&#8221;38&#8243; spacing_md=&#8221;18&#8243;][\/vc_column][\/vc_row]<\/p>\n","protected":false},"excerpt":{"rendered":"<p>[vc_row full_width=&#8221;stretch_row&#8221; full_height=&#8221;yes&#8221; columns_placement=&#8221;top&#8221; css=&#8221;.vc_custom_1667707968039{background-image: url(http:\/\/containerscg.com\/home\/wp-content\/uploads\/2022\/11\/Attractive-Prefab-Home-Toby-Long_3.jpg?id=3226) !important;background-position: center !important;background-repeat: no-repeat !important;background-size: cover !important;}&#8221; el_class=&#8221;vc-col-no-pt&#8221;][vc_column][g5element_space spacing=&#8221;245&#8243; spacing_md=&#8221;120&#8243;][g5element_heading layout_style=&#8221;style-02&#8243; title=&#8221;CASAS FAMILIARES&#8221; switch_line_field=&#8221;on&#8221; title_typography=&#8221;%7B%22font_family%22%3A%22%22%2C%22font_weight%22%3A%22%22%2C%22font_style%22%3A%22%22%2C%22font_size_lg%22%3A%2270%22%2C%22font_size_md%22%3A%22%22%2C%22font_size_sm%22%3A%22%22%2C%22font_size_xs%22%3A%2260%22%2C%22align%22%3A%22%22%2C%22text_transform%22%3A%22%22%2C%22line_height%22%3A%221%22%2C%22letter_spacing%22%3A%22%22%2C%22color%22%3A%22%23ffffff%22%2C%22hover_color%22%3A%22%22%7D&#8221; subtitle_typography=&#8221;%7B%22font_family%22%3A%22%22%2C%22font_weight%22%3A%22%22%2C%22font_style%22%3A%22%22%2C%22font_size_lg%22%3A%2220%22%2C%22font_size_md%22%3A%22%22%2C%22font_size_sm%22%3A%22%22%2C%22font_size_xs%22%3A%22%22%2C%22align%22%3A%22%22%2C%22text_transform%22%3A%22capitalize%22%2C%22line_height%22%3A%22%22%2C%22letter_spacing%22%3A%220%22%2C%22color%22%3A%22%23ffffff%22%2C%22hover_color%22%3A%22%22%7D&#8221;][\/vc_column][\/vc_row][vc_row][vc_column offset=&#8221;vc_col-lg-offset-1 vc_col-lg-10 vc_col-md-12&#8243; el_class=&#8221;lg-col-pd-left-right-15&#8243; css=&#8221;.vc_custom_1620197640542{padding-right: 85px !important;padding-left: 85px !important;}&#8221;][g5element_space spacing=&#8221;38&#8243; spacing_md=&#8221;18&#8243;][vc_column_text css=&#8221;.vc_custom_1667708885246{margin-bottom: 0px !important;}&#8221;] Contenedores Modulares Acondicionados Tipo Casa Familiar Preservaci\u00f3n del calor, aislamiento t\u00e9rmico, protecci\u00f3n contra el fr\u00edo, protecci\u00f3n anti-s\u00edsmica, materiales a [&hellip;]<\/p>\n","protected":false},"author":1,"featured_media":0,"parent":0,"menu_order":0,"comment_status":"closed","ping_status":"closed","template":"","meta":{"footnotes":""},"class_list":["post-3219","page","type-page","status-publish","hentry"],"_links":{"self":[{"href":"https:\/\/containerscg.com\/home\/wp-json\/wp\/v2\/pages\/3219","targetHints":{"allow":["GET"]}}],"collection":[{"href":"https:\/\/containerscg.com\/home\/wp-json\/wp\/v2\/pages"}],"about":[{"href":"https:\/\/containerscg.com\/home\/wp-json\/wp\/v2\/types\/page"}],"author":[{"embeddable":true,"href":"https:\/\/containerscg.com\/home\/wp-json\/wp\/v2\/users\/1"}],"replies":[{"embeddable":true,"href":"https:\/\/containerscg.com\/home\/wp-json\/wp\/v2\/comments?post=3219"}],"version-history":[{"count":0,"href":"https:\/\/containerscg.com\/home\/wp-json\/wp\/v2\/pages\/3219\/revisions"}],"wp:attachment":[{"href":"https:\/\/containerscg.com\/home\/wp-json\/wp\/v2\/media?parent=3219"}],"curies":[{"name":"wp","href":"https:\/\/api.w.org\/{rel}","templated":true}]}}